{"id":858,"date":"2021-02-25T15:08:27","date_gmt":"2021-02-25T15:08:27","guid":{"rendered":"http:\/\/lhm.getgraphics.be\/?product=fluke-323-true-rms-stroomtang"},"modified":"2022-12-13T11:29:25","modified_gmt":"2022-12-13T11:29:25","slug":"fluke-323-true-rms-current-clamp","status":"publish","type":"product","link":"https:\/\/lhm-instrumentation.eu\/fr\/product\/fluke-323-true-rms-stroomtang\/","title":{"rendered":"Pince de courant Fluke 323 True-RMS"},"content":{"rendered":"<p><strong>Fonctions de mesure<\/strong><\/p>\n<ul>\n<li>Mesure du courant alternatif 400 A<\/li>\n<li>Mesure de la tension 600 V AC et DC<\/li>\n<li>Tension et courant AC True-RMS pour des mesures pr\u00e9cises sur des signaux non lin\u00e9aires<\/li>\n<li>Mesure de la r\u00e9sistance jusqu'\u00e0 4 k\u03a9 avec test d'appel<\/li>\n<\/ul>\n<p><strong><br \/>\nCaract\u00e9ristiques<\/strong><\/p>\n<ul>\n<li>Design mince et ergonomique<\/li>\n<li>Sp\u00e9cification de s\u00e9curit\u00e9 CAT IV 300 V\/CAT III 600 V<\/li>\n<li>Maintenir la touche<\/li>\n<li>Garantie de deux ans<\/li>\n<li>Sac de transport<\/li>\n<\/ul>","protected":false},"excerpt":{"rendered":"<div class=\"djc_item_info\">\n<div class=\"djc_producer_info\"><small>Producteur : Fluke<\/small><\/div>\n<\/div>\n<div class=\"djc_introtext\">\n<p><strong>Robustesse de Fluke. Fiabilit\u00e9 Fluke. Pr\u00e9cision Fluke.<\/strong><\/p>\n<p>Les mesures True-RMS et l'ergonomie optimis\u00e9e font des pinces de courant de la s\u00e9rie 320 les meilleurs outils d'usage g\u00e9n\u00e9ral pour le d\u00e9pannage par les \u00e9lectriciens dans les propri\u00e9t\u00e9s commerciales et r\u00e9sidentielles. Le mod\u00e8le Fluke 323 est parfaitement adapt\u00e9 aux mesures de courant jusqu'\u00e0 400 A dans les bo\u00eetiers de c\u00e2bles \u00e9troits.<\/p>\n<\/div>","protected":false},"featured_media":859,"template":"","meta":[],"product_brand":[],"product_cat":[273,63],"product_tag":[],"class_list":{"0":"post-858","1":"product","2":"type-product","3":"status-publish","4":"has-post-thumbnail","6":"product_cat-stroomtangen","7":"product_cat-stroomtangen-en-probes","9":"first","10":"instock","11":"product-type-simple"},"yoast_head":"<!-- This site is optimized with the Yoast SEO plugin v27.5 - https:\/\/yoast.com\/product\/yoast-seo-wordpress\/ -->\n<title>Fluke 323 True-RMS-stroomtang - LHM Instrumentation<\/title>\n<meta name=\"robots\" content=\"index, follow, max-snippet:-1, max-image-preview:large, max-video-preview:-1\" \/>\n<link rel=\"canonical\" href=\"https:\/\/lhm-instrumentation.eu\/fr\/produit\/fluke-323-true-rms-current-clamp\/\" \/>\n<meta property=\"og:locale\" content=\"fr_FR\" \/>\n<meta property=\"og:type\" content=\"article\" \/>\n<meta property=\"og:title\" content=\"Fluke 323 True-RMS-stroomtang - LHM Instrumentation\" \/>\n<meta property=\"og:description\" content=\"Producent:\u00a0Fluke    Robuustheid van Fluke. Betrouwbaarheid van Fluke. Nauwkeurigheid van Fluke.  True-RMS-metingen en de geoptimaliseerde ergonomie maken de stroomtangen van de 320-serie tot de beste algemene instrumenten voor storingzoeken door elektriciens in bedrijfspanden en particuliere woningen. Het model Fluke 323 is bij uitstek geschikt voor stroommetingen tot 400 A in krappe kabelkasten\" \/>\n<meta property=\"og:url\" content=\"https:\/\/lhm-instrumentation.eu\/fr\/produit\/fluke-323-true-rms-current-clamp\/\" \/>\n<meta property=\"og:site_name\" content=\"LHM Instrumentation\" \/>\n<meta property=\"article:modified_time\" content=\"2022-12-13T11:29:25+00:00\" \/>\n<meta property=\"og:image\" content=\"https:\/\/lhm-instrumentation.eu\/wp-content\/uploads\/2021\/02\/fluke323.jpg\" \/>\n\t<meta property=\"og:image:width\" content=\"263\" \/>\n\t<meta property=\"og:image:height\" content=\"350\" \/>\n\t<meta property=\"og:image:type\" content=\"image\/jpeg\" \/>\n<meta name=\"twitter:card\" content=\"summary_large_image\" \/>\n<script type=\"application\/ld+json\" class=\"yoast-schema-graph\">{\"@context\":\"https:\\\/\\\/schema.org\",\"@graph\":[{\"@type\":\"WebPage\",\"@id\":\"https:\\\/\\\/lhm-instrumentation.eu\\\/product\\\/fluke-323-true-rms-stroomtang\\\/\",\"url\":\"https:\\\/\\\/lhm-instrumentation.eu\\\/product\\\/fluke-323-true-rms-stroomtang\\\/\",\"name\":\"Fluke 323 True-RMS-stroomtang - LHM Instrumentation\",\"isPartOf\":{\"@id\":\"https:\\\/\\\/lhm-instrumentation.eu\\\/#website\"},\"primaryImageOfPage\":{\"@id\":\"https:\\\/\\\/lhm-instrumentation.eu\\\/product\\\/fluke-323-true-rms-stroomtang\\\/#primaryimage\"},\"image\":{\"@id\":\"https:\\\/\\\/lhm-instrumentation.eu\\\/product\\\/fluke-323-true-rms-stroomtang\\\/#primaryimage\"},\"thumbnailUrl\":\"https:\\\/\\\/lhm-instrumentation.eu\\\/wp-content\\\/uploads\\\/2021\\\/02\\\/fluke323.jpg\",\"datePublished\":\"2021-02-25T15:08:27+00:00\",\"dateModified\":\"2022-12-13T11:29:25+00:00\",\"breadcrumb\":{\"@id\":\"https:\\\/\\\/lhm-instrumentation.eu\\\/product\\\/fluke-323-true-rms-stroomtang\\\/#breadcrumb\"},\"inLanguage\":\"fr-BE\",\"potentialAction\":[{\"@type\":\"ReadAction\",\"target\":[\"https:\\\/\\\/lhm-instrumentation.eu\\\/product\\\/fluke-323-true-rms-stroomtang\\\/\"]}]},{\"@type\":\"ImageObject\",\"inLanguage\":\"fr-BE\",\"@id\":\"https:\\\/\\\/lhm-instrumentation.eu\\\/product\\\/fluke-323-true-rms-stroomtang\\\/#primaryimage\",\"url\":\"https:\\\/\\\/lhm-instrumentation.eu\\\/wp-content\\\/uploads\\\/2021\\\/02\\\/fluke323.jpg\",\"contentUrl\":\"https:\\\/\\\/lhm-instrumentation.eu\\\/wp-content\\\/uploads\\\/2021\\\/02\\\/fluke323.jpg\",\"width\":263,\"height\":350},{\"@type\":\"BreadcrumbList\",\"@id\":\"https:\\\/\\\/lhm-instrumentation.eu\\\/product\\\/fluke-323-true-rms-stroomtang\\\/#breadcrumb\",\"itemListElement\":[{\"@type\":\"ListItem\",\"position\":1,\"name\":\"Home\",\"item\":\"https:\\\/\\\/lhm-instrumentation.eu\\\/\"},{\"@type\":\"ListItem\",\"position\":2,\"name\":\"Producten\",\"item\":\"https:\\\/\\\/lhm-instrumentation.eu\\\/shop\\\/\"},{\"@type\":\"ListItem\",\"position\":3,\"name\":\"Fluke 323 True-RMS-stroomtang\"}]},{\"@type\":\"WebSite\",\"@id\":\"https:\\\/\\\/lhm-instrumentation.eu\\\/#website\",\"url\":\"https:\\\/\\\/lhm-instrumentation.eu\\\/\",\"name\":\"LHM Instrumentation\",\"description\":\"\",\"potentialAction\":[{\"@type\":\"SearchAction\",\"target\":{\"@type\":\"EntryPoint\",\"urlTemplate\":\"https:\\\/\\\/lhm-instrumentation.eu\\\/?s={search_term_string}\"},\"query-input\":{\"@type\":\"PropertyValueSpecification\",\"valueRequired\":true,\"valueName\":\"search_term_string\"}}],\"inLanguage\":\"fr-BE\"}]}<\/script>\n<!-- \/ Yoast SEO plugin. -->","yoast_head_json":{"title":"Fluke 323 Pince de courant True-RMS - LHM Instrumentation","robots":{"index":"index","follow":"follow","max-snippet":"max-snippet:-1","max-image-preview":"max-image-preview:large","max-video-preview":"max-video-preview:-1"},"canonical":"https:\/\/lhm-instrumentation.eu\/fr\/produit\/fluke-323-true-rms-current-clamp\/","og_locale":"fr_FR","og_type":"article","og_title":"Fluke 323 True-RMS-stroomtang - LHM Instrumentation","og_description":"Producent:\u00a0Fluke    Robuustheid van Fluke. Betrouwbaarheid van Fluke. Nauwkeurigheid van Fluke.  True-RMS-metingen en de geoptimaliseerde ergonomie maken de stroomtangen van de 320-serie tot de beste algemene instrumenten voor storingzoeken door elektriciens in bedrijfspanden en particuliere woningen. Het model Fluke 323 is bij uitstek geschikt voor stroommetingen tot 400 A in krappe kabelkasten","og_url":"https:\/\/lhm-instrumentation.eu\/fr\/produit\/fluke-323-true-rms-current-clamp\/","og_site_name":"LHM Instrumentation","article_modified_time":"2022-12-13T11:29:25+00:00","og_image":[{"width":263,"height":350,"url":"https:\/\/lhm-instrumentation.eu\/wp-content\/uploads\/2021\/02\/fluke323.jpg","type":"image\/jpeg"}],"twitter_card":"summary_large_image","schema":{"@context":"https:\/\/schema.org","@graph":[{"@type":"WebPage","@id":"https:\/\/lhm-instrumentation.eu\/product\/fluke-323-true-rms-stroomtang\/","url":"https:\/\/lhm-instrumentation.eu\/product\/fluke-323-true-rms-stroomtang\/","name":"Fluke 323 Pince de courant True-RMS - LHM Instrumentation","isPartOf":{"@id":"https:\/\/lhm-instrumentation.eu\/#website"},"primaryImageOfPage":{"@id":"https:\/\/lhm-instrumentation.eu\/product\/fluke-323-true-rms-stroomtang\/#primaryimage"},"image":{"@id":"https:\/\/lhm-instrumentation.eu\/product\/fluke-323-true-rms-stroomtang\/#primaryimage"},"thumbnailUrl":"https:\/\/lhm-instrumentation.eu\/wp-content\/uploads\/2021\/02\/fluke323.jpg","datePublished":"2021-02-25T15:08:27+00:00","dateModified":"2022-12-13T11:29:25+00:00","breadcrumb":{"@id":"https:\/\/lhm-instrumentation.eu\/product\/fluke-323-true-rms-stroomtang\/#breadcrumb"},"inLanguage":"fr-BE","potentialAction":[{"@type":"ReadAction","target":["https:\/\/lhm-instrumentation.eu\/product\/fluke-323-true-rms-stroomtang\/"]}]},{"@type":"ImageObject","inLanguage":"fr-BE","@id":"https:\/\/lhm-instrumentation.eu\/product\/fluke-323-true-rms-stroomtang\/#primaryimage","url":"https:\/\/lhm-instrumentation.eu\/wp-content\/uploads\/2021\/02\/fluke323.jpg","contentUrl":"https:\/\/lhm-instrumentation.eu\/wp-content\/uploads\/2021\/02\/fluke323.jpg","width":263,"height":350},{"@type":"BreadcrumbList","@id":"https:\/\/lhm-instrumentation.eu\/product\/fluke-323-true-rms-stroomtang\/#breadcrumb","itemListElement":[{"@type":"ListItem","position":1,"name":"Home","item":"https:\/\/lhm-instrumentation.eu\/"},{"@type":"ListItem","position":2,"name":"Producten","item":"https:\/\/lhm-instrumentation.eu\/shop\/"},{"@type":"ListItem","position":3,"name":"Fluke 323 True-RMS-stroomtang"}]},{"@type":"WebSite","@id":"https:\/\/lhm-instrumentation.eu\/#website","url":"https:\/\/lhm-instrumentation.eu\/","name":"LHM Instrumentation","description":"","potentialAction":[{"@type":"SearchAction","target":{"@type":"EntryPoint","urlTemplate":"https:\/\/lhm-instrumentation.eu\/?s={search_term_string}"},"query-input":{"@type":"PropertyValueSpecification","valueRequired":true,"valueName":"search_term_string"}}],"inLanguage":"fr-BE"}]}},"_links":{"self":[{"href":"https:\/\/lhm-instrumentation.eu\/fr\/wp-json\/wp\/v2\/product\/858","targetHints":{"allow":["GET"]}}],"collection":[{"href":"https:\/\/lhm-instrumentation.eu\/fr\/wp-json\/wp\/v2\/product"}],"about":[{"href":"https:\/\/lhm-instrumentation.eu\/fr\/wp-json\/wp\/v2\/types\/product"}],"wp:featuredmedia":[{"embeddable":true,"href":"https:\/\/lhm-instrumentation.eu\/fr\/wp-json\/wp\/v2\/media\/859"}],"wp:attachment":[{"href":"https:\/\/lhm-instrumentation.eu\/fr\/wp-json\/wp\/v2\/media?parent=858"}],"wp:term":[{"taxonomy":"product_brand","embeddable":true,"href":"https:\/\/lhm-instrumentation.eu\/fr\/wp-json\/wp\/v2\/product_brand?post=858"},{"taxonomy":"product_cat","embeddable":true,"href":"https:\/\/lhm-instrumentation.eu\/fr\/wp-json\/wp\/v2\/product_cat?post=858"},{"taxonomy":"product_tag","embeddable":true,"href":"https:\/\/lhm-instrumentation.eu\/fr\/wp-json\/wp\/v2\/product_tag?post=858"}],"curies":[{"name":"wp","href":"https:\/\/api.w.org\/{rel}","templated":true}]}}