{"id":3311,"date":"2021-02-25T15:29:33","date_gmt":"2021-02-25T15:29:33","guid":{"rendered":"http:\/\/lhm.getgraphics.be\/?product=kambic-tk-ck-temperatuur-kamer-5c-tot-180c"},"modified":"2023-07-25T10:59:57","modified_gmt":"2023-07-25T10:59:57","slug":"chambre-de-temperature-kambic-tk-ck-5c-a-180c","status":"publish","type":"product","link":"https:\/\/lhm-instrumentation.eu\/fr\/product\/kambic-tk-ck-temperatuur-kamer-5c-tot-180c\/","title":{"rendered":"Kambic TK-CK Chambre de temp\u00e9rature +5\u00b0C \u00e0 +180\u00b0C"},"content":{"rendered":"<p>Circulation d'air forc\u00e9e par ventilateur<\/p>\n<p>Profil de temp\u00e9rature uniforme et stable dans la pi\u00e8ce, couvrant toute la plage de fonctionnement<\/p>\n<p>Panneau de commande convivial avec \u00e9cran LCD et fonctions configurables<\/p>\n<p>Alarme visuelle et sonore en cas de d\u00e9faillance<\/p>\n<p>Acc\u00e8s complet aux 4 c\u00f4t\u00e9s pour l'entretien<\/p>\n<p>Fen\u00eatre de visualisation chauff\u00e9e avec \u00e9clairage<\/p>\n<p>Double syst\u00e8me de protection contre la surchauffe incontr\u00f4l\u00e9e<\/p>\n<p>Le dispositif m\u00e9canique de surchauffe arr\u00eate les \u00e9l\u00e9ments chauffants si la temp\u00e9rature d\u00e9passe les valeurs maximales autoris\u00e9es.<\/p>\n<p>Chambre climatique int\u00e9rieure en acier inoxydable poli AISI 304<\/p>\n<p>Panneaux ext\u00e9rieurs en acier galvanis\u00e9, peints par poudrage (RAL7035)<\/p>\n<p>Possibilit\u00e9 d'extension des appareils gr\u00e2ce \u00e0 une large gamme d'accessoires<\/p>","protected":false},"excerpt":{"rendered":"<div class=\"djc_item_info\">\n<div class=\"djc_producer_info\"><small>Producteur : Kambic<\/small><\/div>\n<\/div>\n<div class=\"djc_introtext\">\n<h2>Des performances impressionnantes et une valeur ajout\u00e9e imbattable !<\/h2>\n<p>Les enceintes thermiques de Kambic disposent d'une large gamme de temp\u00e9ratures afin de fournir des solutions pour diff\u00e9rentes applications. L'alternance facile et efficace entre les points de consigne d'Alsook apporte une valeur ajout\u00e9e absolue. Ces enceintes de haute qualit\u00e9 peuvent \u00eatre utilis\u00e9es pour l'\u00e9talonnage rapide et facile d'une gamme de capteurs. Les chambres d'essai sont \u00e9galement disponibles avec des dimensions personnalis\u00e9es, jusqu'aux chambres \u00e0 temp\u00e9rature ambiante.<\/p>\n<p>Les mod\u00e8les se caract\u00e9risent par une qualit\u00e9 in\u00e9gal\u00e9e, avec une conception robuste int\u00e9grant des charni\u00e8res, des loquets de porte et des cr\u00e9maill\u00e8res tr\u00e8s r\u00e9sistants. Les mod\u00e8les sont dot\u00e9s d'un vaste \u00e9cran d'isolation thermique sur tous les c\u00f4t\u00e9s de la chambre d'essais et sur les portes, ainsi que de bords scell\u00e9s parall\u00e8les avec un joint de silicone souple sur le profil pour assurer une \u00e9tanch\u00e9it\u00e9 parfaite. Les enceintes thermiques sont \u00e9quip\u00e9es d'un ventilateur int\u00e9gr\u00e9 pour la circulation interne de l'air, avec un contr\u00f4le de la vitesse qui assure l'uniformit\u00e9 et la stabilit\u00e9 dans l'ensemble de l'enceinte. Les unit\u00e9s sont command\u00e9es par un contr\u00f4leur et une interface conviviale, avec possibilit\u00e9 de r\u00e9glages avanc\u00e9s. Ports de communication RS-232, USB ou Ethernet. Pour plus de s\u00e9curit\u00e9, il existe une protection \u00e0 deux niveaux contre la surchauffe : \u00e0 5\u00b0C au-dessus du point de temp\u00e9rature d\u00e9fini, le chauffage s'arr\u00eate et \u00e0 10\u00b0C au-dessus de la temp\u00e9rature maximale, un arr\u00eat m\u00e9canique complet est obtenu. L'int\u00e9rieur des chambres de temp\u00e9rature est enti\u00e8rement en acier inoxydable. L'ext\u00e9rieur est en acier galvanis\u00e9 et peint par poudrage.<\/p>\n<\/div>","protected":false},"featured_media":7736,"template":"","meta":[],"product_brand":[],"product_cat":[216],"product_tag":[],"class_list":{"0":"post-3311","1":"product","2":"type-product","3":"status-publish","4":"has-post-thumbnail","6":"product_cat-klimaat-en-temperatuur-kamers","8":"first","9":"instock","10":"product-type-simple"},"yoast_head":"<!-- This site is optimized with the Yoast SEO plugin v27.4 - https:\/\/yoast.com\/product\/yoast-seo-wordpress\/ -->\n<title>Kambic TK-CK Temperatuur kamer +5\u00b0C tot +180\u00b0C - LHM Instrumentation<\/title>\n<meta name=\"description\" content=\"Kambic TK-CK Temperatuurkamer: bereik van +5\u00b0C tot +180\u00b0C. Betrouwbare temperatuurcontrole voor diverse toepassingen. Effici\u00ebnt en nauwkeurig.\" \/>\n<meta name=\"robots\" content=\"index, follow, max-snippet:-1, max-image-preview:large, max-video-preview:-1\" \/>\n<link rel=\"canonical\" href=\"https:\/\/lhm-instrumentation.eu\/fr\/produit\/chambre-de-temperature-kambic-tk-ck-5c-a-180c\/\" \/>\n<meta property=\"og:locale\" content=\"fr_FR\" \/>\n<meta property=\"og:type\" content=\"article\" \/>\n<meta property=\"og:title\" content=\"Kambic TK-CK Temperatuur kamer +5\u00b0C tot +180\u00b0C - LHM Instrumentation\" \/>\n<meta property=\"og:description\" content=\"Kambic TK-CK Temperatuurkamer: bereik van +5\u00b0C tot +180\u00b0C. Betrouwbare temperatuurcontrole voor diverse toepassingen. Effici\u00ebnt en nauwkeurig.\" \/>\n<meta property=\"og:url\" content=\"https:\/\/lhm-instrumentation.eu\/fr\/produit\/chambre-de-temperature-kambic-tk-ck-5c-a-180c\/\" \/>\n<meta property=\"og:site_name\" content=\"LHM Instrumentation\" \/>\n<meta property=\"article:modified_time\" content=\"2023-07-25T10:59:57+00:00\" \/>\n<meta property=\"og:image\" content=\"https:\/\/lhm-instrumentation.eu\/wp-content\/uploads\/2021\/02\/KK-340-CHLT-1024x768-1.png\" \/>\n\t<meta property=\"og:image:width\" content=\"1024\" \/>\n\t<meta property=\"og:image:height\" content=\"768\" \/>\n\t<meta property=\"og:image:type\" content=\"image\/png\" \/>\n<meta name=\"twitter:card\" content=\"summary_large_image\" \/>\n<meta name=\"twitter:label1\" content=\"Dur\u00e9e de lecture est.\" \/>\n\t<meta name=\"twitter:data1\" content=\"1 minute\" \/>\n<script type=\"application\/ld+json\" class=\"yoast-schema-graph\">{\"@context\":\"https:\\\/\\\/schema.org\",\"@graph\":[{\"@type\":\"WebPage\",\"@id\":\"https:\\\/\\\/lhm-instrumentation.eu\\\/product\\\/kambic-tk-ck-temperatuur-kamer-5c-tot-180c\\\/\",\"url\":\"https:\\\/\\\/lhm-instrumentation.eu\\\/product\\\/kambic-tk-ck-temperatuur-kamer-5c-tot-180c\\\/\",\"name\":\"Kambic TK-CK Temperatuur kamer +5\u00b0C tot +180\u00b0C - LHM Instrumentation\",\"isPartOf\":{\"@id\":\"https:\\\/\\\/lhm-instrumentation.eu\\\/#website\"},\"primaryImageOfPage\":{\"@id\":\"https:\\\/\\\/lhm-instrumentation.eu\\\/product\\\/kambic-tk-ck-temperatuur-kamer-5c-tot-180c\\\/#primaryimage\"},\"image\":{\"@id\":\"https:\\\/\\\/lhm-instrumentation.eu\\\/product\\\/kambic-tk-ck-temperatuur-kamer-5c-tot-180c\\\/#primaryimage\"},\"thumbnailUrl\":\"https:\\\/\\\/lhm-instrumentation.eu\\\/wp-content\\\/uploads\\\/2021\\\/02\\\/KK-340-CHLT-1024x768-1.png\",\"datePublished\":\"2021-02-25T15:29:33+00:00\",\"dateModified\":\"2023-07-25T10:59:57+00:00\",\"description\":\"Kambic TK-CK Temperatuurkamer: bereik van +5\u00b0C tot +180\u00b0C. Betrouwbare temperatuurcontrole voor diverse toepassingen. Effici\u00ebnt en nauwkeurig.\",\"breadcrumb\":{\"@id\":\"https:\\\/\\\/lhm-instrumentation.eu\\\/product\\\/kambic-tk-ck-temperatuur-kamer-5c-tot-180c\\\/#breadcrumb\"},\"inLanguage\":\"fr-BE\",\"potentialAction\":[{\"@type\":\"ReadAction\",\"target\":[\"https:\\\/\\\/lhm-instrumentation.eu\\\/product\\\/kambic-tk-ck-temperatuur-kamer-5c-tot-180c\\\/\"]}]},{\"@type\":\"ImageObject\",\"inLanguage\":\"fr-BE\",\"@id\":\"https:\\\/\\\/lhm-instrumentation.eu\\\/product\\\/kambic-tk-ck-temperatuur-kamer-5c-tot-180c\\\/#primaryimage\",\"url\":\"https:\\\/\\\/lhm-instrumentation.eu\\\/wp-content\\\/uploads\\\/2021\\\/02\\\/KK-340-CHLT-1024x768-1.png\",\"contentUrl\":\"https:\\\/\\\/lhm-instrumentation.eu\\\/wp-content\\\/uploads\\\/2021\\\/02\\\/KK-340-CHLT-1024x768-1.png\",\"width\":1024,\"height\":768},{\"@type\":\"BreadcrumbList\",\"@id\":\"https:\\\/\\\/lhm-instrumentation.eu\\\/product\\\/kambic-tk-ck-temperatuur-kamer-5c-tot-180c\\\/#breadcrumb\",\"itemListElement\":[{\"@type\":\"ListItem\",\"position\":1,\"name\":\"Home\",\"item\":\"https:\\\/\\\/lhm-instrumentation.eu\\\/\"},{\"@type\":\"ListItem\",\"position\":2,\"name\":\"Producten\",\"item\":\"https:\\\/\\\/lhm-instrumentation.eu\\\/shop\\\/\"},{\"@type\":\"ListItem\",\"position\":3,\"name\":\"Kambic TK-CK Temperatuur kamer +5\u00b0C tot +180\u00b0C\"}]},{\"@type\":\"WebSite\",\"@id\":\"https:\\\/\\\/lhm-instrumentation.eu\\\/#website\",\"url\":\"https:\\\/\\\/lhm-instrumentation.eu\\\/\",\"name\":\"LHM Instrumentation\",\"description\":\"\",\"potentialAction\":[{\"@type\":\"SearchAction\",\"target\":{\"@type\":\"EntryPoint\",\"urlTemplate\":\"https:\\\/\\\/lhm-instrumentation.eu\\\/?s={search_term_string}\"},\"query-input\":{\"@type\":\"PropertyValueSpecification\",\"valueRequired\":true,\"valueName\":\"search_term_string\"}}],\"inLanguage\":\"fr-BE\"}]}<\/script>\n<!-- \/ Yoast SEO plugin. -->","yoast_head_json":{"title":"Kambic TK-CK Chambre de temp\u00e9rature +5\u00b0C \u00e0 +180\u00b0C - LHM Instrumentation","description":"Chambre de temp\u00e9rature Kambic TK-CK : plage de +5\u00b0C \u00e0 +180\u00b0C. Contr\u00f4le fiable de la temp\u00e9rature pour diverses applications. Efficace et pr\u00e9cis.","robots":{"index":"index","follow":"follow","max-snippet":"max-snippet:-1","max-image-preview":"max-image-preview:large","max-video-preview":"max-video-preview:-1"},"canonical":"https:\/\/lhm-instrumentation.eu\/fr\/produit\/chambre-de-temperature-kambic-tk-ck-5c-a-180c\/","og_locale":"fr_FR","og_type":"article","og_title":"Kambic TK-CK Temperatuur kamer +5\u00b0C tot +180\u00b0C - LHM Instrumentation","og_description":"Kambic TK-CK Temperatuurkamer: bereik van +5\u00b0C tot +180\u00b0C. Betrouwbare temperatuurcontrole voor diverse toepassingen. Effici\u00ebnt en nauwkeurig.","og_url":"https:\/\/lhm-instrumentation.eu\/fr\/produit\/chambre-de-temperature-kambic-tk-ck-5c-a-180c\/","og_site_name":"LHM Instrumentation","article_modified_time":"2023-07-25T10:59:57+00:00","og_image":[{"width":1024,"height":768,"url":"https:\/\/lhm-instrumentation.eu\/wp-content\/uploads\/2021\/02\/KK-340-CHLT-1024x768-1.png","type":"image\/png"}],"twitter_card":"summary_large_image","twitter_misc":{"Dur\u00e9e de lecture est.":"1 minute"},"schema":{"@context":"https:\/\/schema.org","@graph":[{"@type":"WebPage","@id":"https:\/\/lhm-instrumentation.eu\/product\/kambic-tk-ck-temperatuur-kamer-5c-tot-180c\/","url":"https:\/\/lhm-instrumentation.eu\/product\/kambic-tk-ck-temperatuur-kamer-5c-tot-180c\/","name":"Kambic TK-CK Chambre de temp\u00e9rature +5\u00b0C \u00e0 +180\u00b0C - LHM Instrumentation","isPartOf":{"@id":"https:\/\/lhm-instrumentation.eu\/#website"},"primaryImageOfPage":{"@id":"https:\/\/lhm-instrumentation.eu\/product\/kambic-tk-ck-temperatuur-kamer-5c-tot-180c\/#primaryimage"},"image":{"@id":"https:\/\/lhm-instrumentation.eu\/product\/kambic-tk-ck-temperatuur-kamer-5c-tot-180c\/#primaryimage"},"thumbnailUrl":"https:\/\/lhm-instrumentation.eu\/wp-content\/uploads\/2021\/02\/KK-340-CHLT-1024x768-1.png","datePublished":"2021-02-25T15:29:33+00:00","dateModified":"2023-07-25T10:59:57+00:00","description":"Chambre de temp\u00e9rature Kambic TK-CK : plage de +5\u00b0C \u00e0 +180\u00b0C. Contr\u00f4le fiable de la temp\u00e9rature pour diverses applications. Efficace et pr\u00e9cis.","breadcrumb":{"@id":"https:\/\/lhm-instrumentation.eu\/product\/kambic-tk-ck-temperatuur-kamer-5c-tot-180c\/#breadcrumb"},"inLanguage":"fr-BE","potentialAction":[{"@type":"ReadAction","target":["https:\/\/lhm-instrumentation.eu\/product\/kambic-tk-ck-temperatuur-kamer-5c-tot-180c\/"]}]},{"@type":"ImageObject","inLanguage":"fr-BE","@id":"https:\/\/lhm-instrumentation.eu\/product\/kambic-tk-ck-temperatuur-kamer-5c-tot-180c\/#primaryimage","url":"https:\/\/lhm-instrumentation.eu\/wp-content\/uploads\/2021\/02\/KK-340-CHLT-1024x768-1.png","contentUrl":"https:\/\/lhm-instrumentation.eu\/wp-content\/uploads\/2021\/02\/KK-340-CHLT-1024x768-1.png","width":1024,"height":768},{"@type":"BreadcrumbList","@id":"https:\/\/lhm-instrumentation.eu\/product\/kambic-tk-ck-temperatuur-kamer-5c-tot-180c\/#breadcrumb","itemListElement":[{"@type":"ListItem","position":1,"name":"Home","item":"https:\/\/lhm-instrumentation.eu\/"},{"@type":"ListItem","position":2,"name":"Producten","item":"https:\/\/lhm-instrumentation.eu\/shop\/"},{"@type":"ListItem","position":3,"name":"Kambic TK-CK Temperatuur kamer +5\u00b0C tot +180\u00b0C"}]},{"@type":"WebSite","@id":"https:\/\/lhm-instrumentation.eu\/#website","url":"https:\/\/lhm-instrumentation.eu\/","name":"LHM Instrumentation","description":"","potentialAction":[{"@type":"SearchAction","target":{"@type":"EntryPoint","urlTemplate":"https:\/\/lhm-instrumentation.eu\/?s={search_term_string}"},"query-input":{"@type":"PropertyValueSpecification","valueRequired":true,"valueName":"search_term_string"}}],"inLanguage":"fr-BE"}]}},"_links":{"self":[{"href":"https:\/\/lhm-instrumentation.eu\/fr\/wp-json\/wp\/v2\/product\/3311","targetHints":{"allow":["GET"]}}],"collection":[{"href":"https:\/\/lhm-instrumentation.eu\/fr\/wp-json\/wp\/v2\/product"}],"about":[{"href":"https:\/\/lhm-instrumentation.eu\/fr\/wp-json\/wp\/v2\/types\/product"}],"wp:featuredmedia":[{"embeddable":true,"href":"https:\/\/lhm-instrumentation.eu\/fr\/wp-json\/wp\/v2\/media\/7736"}],"wp:attachment":[{"href":"https:\/\/lhm-instrumentation.eu\/fr\/wp-json\/wp\/v2\/media?parent=3311"}],"wp:term":[{"taxonomy":"product_brand","embeddable":true,"href":"https:\/\/lhm-instrumentation.eu\/fr\/wp-json\/wp\/v2\/product_brand?post=3311"},{"taxonomy":"product_cat","embeddable":true,"href":"https:\/\/lhm-instrumentation.eu\/fr\/wp-json\/wp\/v2\/product_cat?post=3311"},{"taxonomy":"product_tag","embeddable":true,"href":"https:\/\/lhm-instrumentation.eu\/fr\/wp-json\/wp\/v2\/product_tag?post=3311"}],"curies":[{"name":"wp","href":"https:\/\/api.w.org\/{rel}","templated":true}]}}