{"id":2968,"date":"2021-02-25T15:26:36","date_gmt":"2021-02-25T15:26:36","guid":{"rendered":"http:\/\/lhm.getgraphics.be\/?product=gw-instek-gpt-9904-electrical-safety-tester"},"modified":"2022-12-15T13:49:22","modified_gmt":"2022-12-15T13:49:22","slug":"gw-instek-gpt-9904-testeur-de-securite-electrique","status":"publish","type":"product","link":"https:\/\/lhm-instrumentation.eu\/fr\/product\/gw-instek-gpt-9904-electrical-safety-tester\/","title":{"rendered":"Gw Instek GPT-9904 Testeur de s\u00e9curit\u00e9 \u00e9lectrique"},"content":{"rendered":"<div class=\"jhH5U r-iqI2lD5WE0tQ\" data-rtid=\"iqI2lD5WE0tQ\">\n<div id=\"tw-ob\" class=\"tw-src-ltr\">\n<div class=\"oSioSc\">\n<div id=\"tw-target\">\n<div id=\"kAz1tf\" class=\"g9WsWb\">\n<div id=\"tw-target-text-container\" class=\"tw-ta-container tw-nfl\" tabindex=\"0\">\n<div class=\"jhH5U r-iqI2lD5WE0tQ\" data-rtid=\"iqI2lD5WE0tQ\">\n<div id=\"tw-ob\" class=\"tw-src-ltr\">\n<div class=\"oSioSc\">\n<div id=\"tw-target\">\n<div id=\"kAz1tf\" class=\"g9WsWb\">\n<div id=\"tw-target-text-container\" class=\"tw-ta-container tw-nfl\" tabindex=\"0\">\n<ul>\n<li><span style=\"font-size: 12pt;\">Capacit\u00e9 de test de 500VA AC<\/span><\/li>\n<li><span style=\"font-size: 12pt;\">\u00c9cran matriciel \u00e0 cristaux liquides 240\u00d764 bleu glac\u00e9<\/span><\/li>\n<li><span style=\"font-size: 12pt;\">Fonction de balayage pour l'analyse de la courbe caract\u00e9ristique de l'objet sous test<\/span><\/li>\n<li><span style=\"font-size: 12pt;\">Mesure de la r\u00e9sistance d'isolement jusqu'\u00e0 50 G\u03a9 (GPT-9903A \/ 9904)<\/span><\/li>\n<li><span style=\"font-size: 12pt;\">Mode manuel \/ automatique<\/span><\/li>\n<li><span style=\"font-size: 12pt;\">Bouton de fonction pour une s\u00e9lection rapide<\/span><\/li>\n<li><span style=\"font-size: 12pt;\">Clignotement de haute intensit\u00e9 pour l'avertissement et l'indication d'\u00e9tat<\/span><\/li>\n<li><span style=\"font-size: 12pt;\">Fonction de s\u00e9curit\u00e9 INTERLOCK<\/span><\/li>\n<li><span style=\"font-size: 12pt;\">Fonctionnement de la mise sous tension avec passage \u00e0 z\u00e9ro<\/span><\/li>\n<li><span style=\"font-size: 12pt;\">D\u00e9lai ajustable<\/span><\/li>\n<li><span style=\"font-size: 12pt;\">Mesure du courant efficace<\/span><\/li>\n<li><span style=\"font-size: 12pt;\">Haute r\u00e9solution : 1uA pour la mesure du courant, 2V pour le r\u00e9glage de la tension<\/span><\/li>\n<li><span style=\"font-size: 12pt;\">Amplificateur PWM pour am\u00e9liorer l'efficacit\u00e9 \u00e9nerg\u00e9tique et la fiabilit\u00e9 des tests<\/span><\/li>\n<li><span style=\"font-size: 12pt;\">Max. 100 blocs de m\u00e9moire pour le r\u00e9glage des conditions de test (\u00e9tapes). Chaque \u00e9tape peut \u00eatre nomm\u00e9e s\u00e9par\u00e9ment.<\/span><\/li>\n<li><span style=\"font-size: 12pt;\">Terminal externe sur le panneau avant pour les op\u00e9rations de \u201cd\u00e9marrage\u201d et \u201cd'arr\u00eat\u201d.<\/span><\/li>\n<li><span style=\"font-size: 12pt;\">Sortie sur le panneau arri\u00e8re disponible<\/span><\/li>\n<li><span style=\"font-size: 12pt;\">Interface : RS-232C, p\u00e9riph\u00e9rique USB, signal E\/S et GPIB (en option) Capacit\u00e9 de test 200VA AC<\/span><\/li>\n<li><span style=\"font-size: 12pt;\">\u00c9cran matriciel \u00e0 cristaux liquides 240\u00d764 bleu glac\u00e9<\/span><\/li>\n<li><span style=\"font-size: 12pt;\">Mode manuel \/ automatique<\/span><\/li>\n<li><span style=\"font-size: 12pt;\">Bouton de fonction pour une s\u00e9lection rapide<\/span><\/li>\n<li><span style=\"font-size: 12pt;\">Flash haute intensit\u00e9 pour l'avertissement et l'indication d'\u00e9tat<\/span><\/li>\n<li><span style=\"font-size: 12pt;\">Fonction de s\u00e9curit\u00e9 INTERLOCK<\/span><\/li>\n<li><span style=\"font-size: 12pt;\">Fonctionnement de la mise sous tension avec passage \u00e0 z\u00e9ro<\/span><\/li>\n<li><span style=\"font-size: 12pt;\">D\u00e9lai ajustable<\/span><\/li>\n<li><span style=\"font-size: 12pt;\">Mesure du courant efficace<\/span><\/li>\n<li><span style=\"font-size: 12pt;\">Haute r\u00e9solution : 1uA pour la mesure du courant, 2V pour le r\u00e9glage de la tension<\/span><\/li>\n<li><span style=\"font-size: 12pt;\">Amplificateur PWM pour am\u00e9liorer l'efficacit\u00e9 \u00e9nerg\u00e9tique et la fiabilit\u00e9 des tests<\/span><\/li>\n<li><span style=\"font-size: 12pt;\">Max. 100 blocs de m\u00e9moire pour le r\u00e9glage des conditions de test (\u00e9tapes). Chaque \u00e9tape peut \u00eatre nomm\u00e9e s\u00e9par\u00e9ment.<\/span><\/li>\n<li><span style=\"font-size: 12pt;\">Terminal externe sur le panneau avant pour les op\u00e9rations de \u201cd\u00e9marrage\u201d et \u201cd'arr\u00eat\u201d.<\/span><\/li>\n<li><span style=\"font-size: 12pt;\">Interface : RS-232C, p\u00e9riph\u00e9rique USB, signal E\/S et GPIB (en option)<\/span><\/li>\n<\/ul>\n<\/div>\n<\/div>\n<\/div>\n<\/div>\n<\/div>\n<\/div>\n<\/div>\n<\/div>\n<\/div>\n<\/div>\n<\/div>\n<\/div>","protected":false},"excerpt":{"rendered":"<div class=\"djc_item_info\">\n<div class=\"djc_producer_info\"><small>Producteur : Gw Instek<\/small><\/div>\n<\/div>\n<div class=\"djc_introtext\">\n<p><span lang=\"nl\">GWInstek lance sur le march\u00e9 une nouvelle famille de testeurs de s\u00e9curit\u00e9 (testeur hi-pot \/ testeur hipot), la s\u00e9rie GPT-9900, avec une capacit\u00e9 de sortie maximale de 500VA.<br \/>\n<\/span><span lang=\"nl\">Les mod\u00e8les GPT-9904 et GPT-9903A viennent s'ajouter \u00e0 la s\u00e9rie GPT-9800, qui a une capacit\u00e9 de sortie de 200VA, pour r\u00e9pondre aux besoins du march\u00e9 en mati\u00e8re de puissance pour les tests de s\u00e9curit\u00e9 des produits et des composants \u00e9lectroniques.<br \/>\nLa s\u00e9rie GPT-9000 prend en charge les principaux \u00e9l\u00e9ments de test n\u00e9cessaires \u00e0 la conformit\u00e9 aux normes de s\u00e9curit\u00e9 telles que IEC, EN, UL, CSA, GB, JIS et autres r\u00e9glementations en mati\u00e8re de s\u00e9curit\u00e9.<\/span><\/p>\n<\/div>","protected":false},"featured_media":2969,"template":"","meta":[],"product_brand":[],"product_cat":[64],"product_tag":[],"class_list":{"0":"post-2968","1":"product","2":"type-product","3":"status-publish","4":"has-post-thumbnail","6":"product_cat-veiligheidstesters","8":"first","9":"instock","10":"product-type-simple"},"yoast_head":"<!-- This site is optimized with the Yoast SEO plugin v27.4 - https:\/\/yoast.com\/product\/yoast-seo-wordpress\/ -->\n<title>Gw Instek GPT-9904 Electrical Safety Tester - LHM Instrumentation<\/title>\n<meta name=\"robots\" content=\"index, follow, max-snippet:-1, max-image-preview:large, max-video-preview:-1\" \/>\n<link rel=\"canonical\" href=\"https:\/\/lhm-instrumentation.eu\/fr\/produit\/gw-instek-gpt-9904-testeur-de-securite-electrique\/\" \/>\n<meta property=\"og:locale\" content=\"fr_FR\" \/>\n<meta property=\"og:type\" content=\"article\" \/>\n<meta property=\"og:title\" content=\"Gw Instek GPT-9904 Electrical Safety Tester - LHM Instrumentation\" \/>\n<meta property=\"og:description\" content=\"Producent:\u00a0Gw Instek    GWInstek lanceert een nieuwe veiligheidstester (hi-pot tester \/ hipot tester) familie, de GPT-9900-serie, met een maximale uitvoercapaciteit van 500VA op de markt. Inclusief GPT-9904, GPT-9903A, worden lid van de GPT-9800-serie, die een uitvoercapaciteit van 200VA heeft, om de markt te bedienen met hogere stroomvereisten voor de veiligheidstests van elektronische producten en componenten. De GPT-9000-serie ondersteunt de belangrijkste testonderdelen van alle noodzakelijke voor de naleving van de veiligheidsnormen zoals IEC, EN, UL, CSA, GB, JIS en andere veiligheidsvoorschriften.\" \/>\n<meta property=\"og:url\" content=\"https:\/\/lhm-instrumentation.eu\/fr\/produit\/gw-instek-gpt-9904-testeur-de-securite-electrique\/\" \/>\n<meta property=\"og:site_name\" content=\"LHM Instrumentation\" \/>\n<meta property=\"article:modified_time\" content=\"2022-12-15T13:49:22+00:00\" \/>\n<meta property=\"og:image\" content=\"https:\/\/lhm-instrumentation.eu\/wp-content\/uploads\/2021\/02\/gwinstekgpt9904electricalsafetytester.jpg\" \/>\n\t<meta property=\"og:image:width\" content=\"1181\" \/>\n\t<meta property=\"og:image:height\" content=\"665\" \/>\n\t<meta property=\"og:image:type\" content=\"image\/jpeg\" \/>\n<meta name=\"twitter:card\" content=\"summary_large_image\" \/>\n<meta name=\"twitter:label1\" content=\"Dur\u00e9e de lecture est.\" \/>\n\t<meta name=\"twitter:data1\" content=\"1 minute\" \/>\n<script type=\"application\/ld+json\" class=\"yoast-schema-graph\">{\"@context\":\"https:\\\/\\\/schema.org\",\"@graph\":[{\"@type\":\"WebPage\",\"@id\":\"https:\\\/\\\/lhm-instrumentation.eu\\\/product\\\/gw-instek-gpt-9904-electrical-safety-tester\\\/\",\"url\":\"https:\\\/\\\/lhm-instrumentation.eu\\\/product\\\/gw-instek-gpt-9904-electrical-safety-tester\\\/\",\"name\":\"Gw Instek GPT-9904 Electrical Safety Tester - LHM Instrumentation\",\"isPartOf\":{\"@id\":\"https:\\\/\\\/lhm-instrumentation.eu\\\/#website\"},\"primaryImageOfPage\":{\"@id\":\"https:\\\/\\\/lhm-instrumentation.eu\\\/product\\\/gw-instek-gpt-9904-electrical-safety-tester\\\/#primaryimage\"},\"image\":{\"@id\":\"https:\\\/\\\/lhm-instrumentation.eu\\\/product\\\/gw-instek-gpt-9904-electrical-safety-tester\\\/#primaryimage\"},\"thumbnailUrl\":\"https:\\\/\\\/lhm-instrumentation.eu\\\/wp-content\\\/uploads\\\/2021\\\/02\\\/gwinstekgpt9904electricalsafetytester.jpg\",\"datePublished\":\"2021-02-25T15:26:36+00:00\",\"dateModified\":\"2022-12-15T13:49:22+00:00\",\"breadcrumb\":{\"@id\":\"https:\\\/\\\/lhm-instrumentation.eu\\\/product\\\/gw-instek-gpt-9904-electrical-safety-tester\\\/#breadcrumb\"},\"inLanguage\":\"fr-BE\",\"potentialAction\":[{\"@type\":\"ReadAction\",\"target\":[\"https:\\\/\\\/lhm-instrumentation.eu\\\/product\\\/gw-instek-gpt-9904-electrical-safety-tester\\\/\"]}]},{\"@type\":\"ImageObject\",\"inLanguage\":\"fr-BE\",\"@id\":\"https:\\\/\\\/lhm-instrumentation.eu\\\/product\\\/gw-instek-gpt-9904-electrical-safety-tester\\\/#primaryimage\",\"url\":\"https:\\\/\\\/lhm-instrumentation.eu\\\/wp-content\\\/uploads\\\/2021\\\/02\\\/gwinstekgpt9904electricalsafetytester.jpg\",\"contentUrl\":\"https:\\\/\\\/lhm-instrumentation.eu\\\/wp-content\\\/uploads\\\/2021\\\/02\\\/gwinstekgpt9904electricalsafetytester.jpg\",\"width\":1181,\"height\":665},{\"@type\":\"BreadcrumbList\",\"@id\":\"https:\\\/\\\/lhm-instrumentation.eu\\\/product\\\/gw-instek-gpt-9904-electrical-safety-tester\\\/#breadcrumb\",\"itemListElement\":[{\"@type\":\"ListItem\",\"position\":1,\"name\":\"Home\",\"item\":\"https:\\\/\\\/lhm-instrumentation.eu\\\/\"},{\"@type\":\"ListItem\",\"position\":2,\"name\":\"Producten\",\"item\":\"https:\\\/\\\/lhm-instrumentation.eu\\\/shop\\\/\"},{\"@type\":\"ListItem\",\"position\":3,\"name\":\"Gw Instek GPT-9904 Electrical Safety Tester\"}]},{\"@type\":\"WebSite\",\"@id\":\"https:\\\/\\\/lhm-instrumentation.eu\\\/#website\",\"url\":\"https:\\\/\\\/lhm-instrumentation.eu\\\/\",\"name\":\"LHM Instrumentation\",\"description\":\"\",\"potentialAction\":[{\"@type\":\"SearchAction\",\"target\":{\"@type\":\"EntryPoint\",\"urlTemplate\":\"https:\\\/\\\/lhm-instrumentation.eu\\\/?s={search_term_string}\"},\"query-input\":{\"@type\":\"PropertyValueSpecification\",\"valueRequired\":true,\"valueName\":\"search_term_string\"}}],\"inLanguage\":\"fr-BE\"}]}<\/script>\n<!-- \/ Yoast SEO plugin. -->","yoast_head_json":{"title":"Gw Instek GPT-9904 Testeur de s\u00e9curit\u00e9 \u00e9lectrique - LHM Instrumentation","robots":{"index":"index","follow":"follow","max-snippet":"max-snippet:-1","max-image-preview":"max-image-preview:large","max-video-preview":"max-video-preview:-1"},"canonical":"https:\/\/lhm-instrumentation.eu\/fr\/produit\/gw-instek-gpt-9904-testeur-de-securite-electrique\/","og_locale":"fr_FR","og_type":"article","og_title":"Gw Instek GPT-9904 Electrical Safety Tester - LHM Instrumentation","og_description":"Producent:\u00a0Gw Instek    GWInstek lanceert een nieuwe veiligheidstester (hi-pot tester \/ hipot tester) familie, de GPT-9900-serie, met een maximale uitvoercapaciteit van 500VA op de markt. Inclusief GPT-9904, GPT-9903A, worden lid van de GPT-9800-serie, die een uitvoercapaciteit van 200VA heeft, om de markt te bedienen met hogere stroomvereisten voor de veiligheidstests van elektronische producten en componenten. De GPT-9000-serie ondersteunt de belangrijkste testonderdelen van alle noodzakelijke voor de naleving van de veiligheidsnormen zoals IEC, EN, UL, CSA, GB, JIS en andere veiligheidsvoorschriften.","og_url":"https:\/\/lhm-instrumentation.eu\/fr\/produit\/gw-instek-gpt-9904-testeur-de-securite-electrique\/","og_site_name":"LHM Instrumentation","article_modified_time":"2022-12-15T13:49:22+00:00","og_image":[{"width":1181,"height":665,"url":"https:\/\/lhm-instrumentation.eu\/wp-content\/uploads\/2021\/02\/gwinstekgpt9904electricalsafetytester.jpg","type":"image\/jpeg"}],"twitter_card":"summary_large_image","twitter_misc":{"Dur\u00e9e de lecture est.":"1 minute"},"schema":{"@context":"https:\/\/schema.org","@graph":[{"@type":"WebPage","@id":"https:\/\/lhm-instrumentation.eu\/product\/gw-instek-gpt-9904-electrical-safety-tester\/","url":"https:\/\/lhm-instrumentation.eu\/product\/gw-instek-gpt-9904-electrical-safety-tester\/","name":"Gw Instek GPT-9904 Testeur de s\u00e9curit\u00e9 \u00e9lectrique - LHM Instrumentation","isPartOf":{"@id":"https:\/\/lhm-instrumentation.eu\/#website"},"primaryImageOfPage":{"@id":"https:\/\/lhm-instrumentation.eu\/product\/gw-instek-gpt-9904-electrical-safety-tester\/#primaryimage"},"image":{"@id":"https:\/\/lhm-instrumentation.eu\/product\/gw-instek-gpt-9904-electrical-safety-tester\/#primaryimage"},"thumbnailUrl":"https:\/\/lhm-instrumentation.eu\/wp-content\/uploads\/2021\/02\/gwinstekgpt9904electricalsafetytester.jpg","datePublished":"2021-02-25T15:26:36+00:00","dateModified":"2022-12-15T13:49:22+00:00","breadcrumb":{"@id":"https:\/\/lhm-instrumentation.eu\/product\/gw-instek-gpt-9904-electrical-safety-tester\/#breadcrumb"},"inLanguage":"fr-BE","potentialAction":[{"@type":"ReadAction","target":["https:\/\/lhm-instrumentation.eu\/product\/gw-instek-gpt-9904-electrical-safety-tester\/"]}]},{"@type":"ImageObject","inLanguage":"fr-BE","@id":"https:\/\/lhm-instrumentation.eu\/product\/gw-instek-gpt-9904-electrical-safety-tester\/#primaryimage","url":"https:\/\/lhm-instrumentation.eu\/wp-content\/uploads\/2021\/02\/gwinstekgpt9904electricalsafetytester.jpg","contentUrl":"https:\/\/lhm-instrumentation.eu\/wp-content\/uploads\/2021\/02\/gwinstekgpt9904electricalsafetytester.jpg","width":1181,"height":665},{"@type":"BreadcrumbList","@id":"https:\/\/lhm-instrumentation.eu\/product\/gw-instek-gpt-9904-electrical-safety-tester\/#breadcrumb","itemListElement":[{"@type":"ListItem","position":1,"name":"Home","item":"https:\/\/lhm-instrumentation.eu\/"},{"@type":"ListItem","position":2,"name":"Producten","item":"https:\/\/lhm-instrumentation.eu\/shop\/"},{"@type":"ListItem","position":3,"name":"Gw Instek GPT-9904 Electrical Safety Tester"}]},{"@type":"WebSite","@id":"https:\/\/lhm-instrumentation.eu\/#website","url":"https:\/\/lhm-instrumentation.eu\/","name":"LHM Instrumentation","description":"","potentialAction":[{"@type":"SearchAction","target":{"@type":"EntryPoint","urlTemplate":"https:\/\/lhm-instrumentation.eu\/?s={search_term_string}"},"query-input":{"@type":"PropertyValueSpecification","valueRequired":true,"valueName":"search_term_string"}}],"inLanguage":"fr-BE"}]}},"_links":{"self":[{"href":"https:\/\/lhm-instrumentation.eu\/fr\/wp-json\/wp\/v2\/product\/2968","targetHints":{"allow":["GET"]}}],"collection":[{"href":"https:\/\/lhm-instrumentation.eu\/fr\/wp-json\/wp\/v2\/product"}],"about":[{"href":"https:\/\/lhm-instrumentation.eu\/fr\/wp-json\/wp\/v2\/types\/product"}],"wp:featuredmedia":[{"embeddable":true,"href":"https:\/\/lhm-instrumentation.eu\/fr\/wp-json\/wp\/v2\/media\/2969"}],"wp:attachment":[{"href":"https:\/\/lhm-instrumentation.eu\/fr\/wp-json\/wp\/v2\/media?parent=2968"}],"wp:term":[{"taxonomy":"product_brand","embeddable":true,"href":"https:\/\/lhm-instrumentation.eu\/fr\/wp-json\/wp\/v2\/product_brand?post=2968"},{"taxonomy":"product_cat","embeddable":true,"href":"https:\/\/lhm-instrumentation.eu\/fr\/wp-json\/wp\/v2\/product_cat?post=2968"},{"taxonomy":"product_tag","embeddable":true,"href":"https:\/\/lhm-instrumentation.eu\/fr\/wp-json\/wp\/v2\/product_tag?post=2968"}],"curies":[{"name":"wp","href":"https:\/\/api.w.org\/{rel}","templated":true}]}}