{"id":2478,"date":"2021-02-25T15:22:16","date_gmt":"2021-02-25T15:22:16","guid":{"rendered":"http:\/\/lhm.getgraphics.be\/?product=fluke-435-ii-power-quality-analyzer"},"modified":"2021-02-25T15:22:16","modified_gmt":"2021-02-25T15:22:16","slug":"analyseur-de-qualite-denergie-fluke-435-ii","status":"publish","type":"product","link":"https:\/\/lhm-instrumentation.eu\/fr\/product\/fluke-435-ii-power-quality-analyzer\/","title":{"rendered":"Analyseur de qualit\u00e9 d'\u00e9nergie Fluke 435-II"},"content":{"rendered":"<hr class=\"system-pagebreak\" title=\"Caract\u00e9ristiques\" \/>\n<p><strong>Enregistrement des donn\u00e9es PowerWave<\/strong><br \/> Les formes d'onde de la tension et du courant sont enregistr\u00e9es en continu pendant la dur\u00e9e sp\u00e9cifi\u00e9e et sont affich\u00e9es en d\u00e9tail \u00e0 l'\u00e9cran ; la forme d'onde de la puissance est d\u00e9riv\u00e9e des donn\u00e9es correspondantes. En outre, les valeurs efficaces sur un demi-cycle de la tension, du courant, de la puissance et de la fr\u00e9quence peuvent \u00eatre stock\u00e9es et rappel\u00e9es \u00e0 des fins d'analyse. Cette fonction est particuli\u00e8rement utile pour tester les syst\u00e8mes de production d'\u00e9nergie de secours et les syst\u00e8mes d'alimentation sans interruption (ASI), pour lesquels une mise en marche fiable peut s'av\u00e9rer cruciale.<\/p>\n<p><strong>Efficacit\u00e9 des convertisseurs de puissance<\/strong><br \/>Les onduleurs prennent le courant continu et le convertissent en courant alternatif, ou vice versa. Les syst\u00e8mes d'\u00e9nergie solaire comprennent g\u00e9n\u00e9ralement un onduleur qui prend l'\u00e9nergie continue des cellules solaires et la convertit en courant alternatif utilisable. Les performances des onduleurs peuvent diminuer avec le temps, d'o\u00f9 la n\u00e9cessit\u00e9 de les v\u00e9rifier. En comparant la puissance d'entr\u00e9e \u00e0 la puissance de sortie, vous pouvez v\u00e9rifier l'efficacit\u00e9 du syst\u00e8me. Les mod\u00e8les 435 et 437 II peuvent mesurer l'efficacit\u00e9 de ces onduleurs en mesurant simultan\u00e9ment la puissance DC et AC d'un syst\u00e8me afin de d\u00e9terminer la quantit\u00e9 de puissance perdue au cours du processus de conversion.<\/p>\n<p><strong>Mesure unifi\u00e9e de la puissance<\/strong><br \/>Auparavant, seuls les experts pouvaient calculer la quantit\u00e9 d'\u00e9nergie gaspill\u00e9e en raison de probl\u00e8mes de qualit\u00e9 de l'\u00e9nergie ; les compagnies d'\u00e9lectricit\u00e9 pouvaient calculer le co\u00fbt, mais l'\u00e9lectricien moyen ne pouvait pas effectuer le processus de mesure requis. Avec la nouvelle fonction brevet\u00e9e Unified Power du 430 Series II, vous pouvez utiliser un seul instrument portable pour d\u00e9terminer la quantit\u00e9 d'\u00e9nergie gaspill\u00e9e et calculer exactement le co\u00fbt suppl\u00e9mentaire de la consommation d'\u00e9nergie. Le syst\u00e8me de mesure de puissance unifi\u00e9e brevet\u00e9 de Fluke offre la vision la plus compl\u00e8te de la puissance et des mesures :<\/p>\n<ul>\n<li>Param\u00e8tres de la puissance classique (Steinmetz 1897) et de la puissance selon IEEE 1459-2000<\/li>\n<li>Analyse d\u00e9taill\u00e9e des pertes<\/li>\n<li>Analyse des d\u00e9s\u00e9quilibres<\/li>\n<\/ul>\n<p>Analyse des d\u00e9s\u00e9quilibres Ces calculs UPM sont utilis\u00e9s pour quantifier le co\u00fbt financier des pertes d'\u00e9nergie dues aux probl\u00e8mes de qualit\u00e9 de l'\u00e9nergie. Les calculs, ainsi que d'autres informations sp\u00e9cifiques \u00e0 l'usine, sont effectu\u00e9s par un calculateur de pertes d'\u00e9nergie, qui d\u00e9termine en fin de compte le montant des pertes d'une usine dues au gaspillage d'\u00e9nergie.<\/p>\n<p><strong>AutoTrend - enregistrement rapide des tendances<\/strong><br \/>La fonction unique AutoTrend vous donne un aper\u00e7u rapide des changements dans le temps. Chaque valeur affich\u00e9e \u00e0 l'\u00e9cran est enregistr\u00e9e automatiquement et en continu, sans qu'il soit n\u00e9cessaire de d\u00e9finir des niveaux de seuil ou des dur\u00e9es d'intervalle, ni de lancer le processus manuellement. Vous pouvez rapidement voir les tendances de la tension, du courant, de la fr\u00e9quence, de la puissance, des harmoniques ou du papillotement dans les trois phases et le neutre. Vous pouvez \u00e9galement analyser les tendances \u00e0 l'aide des curseurs et de la fonction de zoom, m\u00eame si l'enregistrement se poursuit en arri\u00e8re-plan.<\/p>\n<p><strong>Surveillance du syst\u00e8me - contr\u00f4le facile des performances conforme \u00e0 la norme EN50160<\/strong><br \/>D'une simple pression sur un bouton, la surveillance unique du syst\u00e8me vous donne un aper\u00e7u des performances du syst\u00e8me d'alimentation, en v\u00e9rifiant si l'alimentation secteur r\u00e9pond aux limites de la norme EN50160 ou \u00e0 vos propres sp\u00e9cifications. La vue d'ensemble est affich\u00e9e sur un seul \u00e9cran avec des barres de couleur indiquant clairement les param\u00e8tres hors limites.<\/p>\n<hr class=\"system-pagebreak\" title=\"Sp\u00e9cifications\" \/>\n<p>Sp\u00e9cifications du produit.<\/p>\n<hr class=\"system-pagebreak\" title=\"Vid\u00e9o\" \/>\n<p>&nbsp;<\/p>\n<p>\n<object data=\"\/\/www.youtube.com\/v\/uB65YQ83Tzk?version=3&amp;hl=nl_NL\" width=\"560\" height=\"315\"><param name=\"movie\" value=\"\/\/www.youtube.com\/v\/uB65YQ83Tzk?version=3&amp;hl=nl_NL\" \/><param name=\"allowFullScreen\" value=\"true\" \/><param name=\"allowscriptaccess\" value=\"always\" \/><embed src=\"\/\/www.youtube.com\/v\/uB65YQ83Tzk?version=3&amp;hl=nl_NL\" type=\"application\/x-shockwave-flash\" width=\"560\" height=\"315\" allowscriptaccess=\"always\" allowfullscreen=\"allowfullscreen\" movie=\"\/\/www.youtube.com\/v\/uB65YQ83Tzk?version=3&amp;hl=nl_NL\"><\/embed><\/object>\n<\/p>\n<p>&nbsp;<\/p>\n<hr class=\"system-pagebreak\" title=\"Fiche technique\" \/>\n<p><img loading=\"lazy\" decoding=\"async\" style=\"margin: 2px; float: left;\" src=\"http:\/\/lhm-instrumentation.eu\/images\/datasheet.gif\" alt=\"fiche technique image\" width=\"28\" height=\"28\" \/><a href=\"https:\/\/lhm-instrumentation.eu\/fr\/images\/produits\/electrique\/power_pqmeters\/fluke_430_serie\/fluke_430_ii_datasheet.pdf\/\" target=\"_blank\">t\u00e9l\u00e9charger<\/a><br \/><a href=\"https:\/\/lhm-instrumentation.eu\/fr\/images\/produits\/electrique\/power_pqmeters\/fluke_430_serie\/fluke_430_ii_datasheet.pdf\/\" target=\"_blank\"> fiche technique<\/a><\/p>\n<hr class=\"system-pagebreak\" title=\"Manuel\" \/>\n<p>Il n'y a actuellement aucun manuel disponible pour ce produit.<\/p>\n<hr class=\"system-pagebreak\" title=\"D\u00e9monstration virtuelle\" \/>\n<p>Il n'y a actuellement aucune d\u00e9monstration virtuelle pour cet article.<\/p>","protected":false},"excerpt":{"rendered":"<p>PowerWave-gegevensregistratie Golfvormen voor spanning en stroom worden gedurende de opgegeven tijd continu geregistreerd, en ze worden uiterst gedetailleerd op het scherm weergegeven; de vermogensgolfvorm wordt uit de betreffende gegevens afgeleid. Daarnaast kunnen de RMS-waarden van een halve cyclus voor spanning,&#8230;<\/p>","protected":false},"featured_media":2479,"template":"","meta":[],"product_brand":[],"product_cat":[156],"product_tag":[],"class_list":{"0":"post-2478","1":"product","2":"type-product","3":"status-publish","4":"has-post-thumbnail","6":"product_cat-verhuur","8":"first","9":"instock","10":"product-type-simple"},"yoast_head":"<!-- This site is optimized with the Yoast SEO plugin v27.4 - https:\/\/yoast.com\/product\/yoast-seo-wordpress\/ -->\n<title>Fluke 435-II Power Quality Analyzer - LHM Instrumentation<\/title>\n<meta name=\"robots\" content=\"index, follow, max-snippet:-1, max-image-preview:large, max-video-preview:-1\" \/>\n<link rel=\"canonical\" href=\"https:\/\/lhm-instrumentation.eu\/fr\/produit\/analyseur-de-qualite-denergie-fluke-435-ii\/\" \/>\n<meta property=\"og:locale\" content=\"fr_FR\" \/>\n<meta property=\"og:type\" content=\"article\" \/>\n<meta property=\"og:title\" content=\"Fluke 435-II Power Quality Analyzer - LHM Instrumentation\" \/>\n<meta property=\"og:description\" content=\"PowerWave-gegevensregistratie Golfvormen voor spanning en stroom worden gedurende de opgegeven tijd continu geregistreerd, en ze worden uiterst gedetailleerd op het scherm weergegeven; de vermogensgolfvorm wordt uit de betreffende gegevens afgeleid. Daarnaast kunnen de RMS-waarden van een halve cyclus voor spanning,...\" \/>\n<meta property=\"og:url\" content=\"https:\/\/lhm-instrumentation.eu\/fr\/produit\/analyseur-de-qualite-denergie-fluke-435-ii\/\" \/>\n<meta property=\"og:site_name\" content=\"LHM Instrumentation\" \/>\n<meta property=\"og:image\" content=\"https:\/\/lhm-instrumentation.eu\/wp-content\/uploads\/2021\/02\/driefasepowerqualityanalyzer_2nd.jpg\" \/>\n\t<meta property=\"og:image:width\" content=\"289\" \/>\n\t<meta property=\"og:image:height\" content=\"350\" \/>\n\t<meta property=\"og:image:type\" content=\"image\/jpeg\" \/>\n<meta name=\"twitter:card\" content=\"summary_large_image\" \/>\n<meta name=\"twitter:label1\" content=\"Dur\u00e9e de lecture est.\" \/>\n\t<meta name=\"twitter:data1\" content=\"3 minutes\" \/>\n<script type=\"application\/ld+json\" class=\"yoast-schema-graph\">{\"@context\":\"https:\\\/\\\/schema.org\",\"@graph\":[{\"@type\":\"WebPage\",\"@id\":\"https:\\\/\\\/lhm-instrumentation.eu\\\/product\\\/fluke-435-ii-power-quality-analyzer\\\/\",\"url\":\"https:\\\/\\\/lhm-instrumentation.eu\\\/product\\\/fluke-435-ii-power-quality-analyzer\\\/\",\"name\":\"Fluke 435-II Power Quality Analyzer - LHM Instrumentation\",\"isPartOf\":{\"@id\":\"https:\\\/\\\/lhm-instrumentation.eu\\\/#website\"},\"primaryImageOfPage\":{\"@id\":\"https:\\\/\\\/lhm-instrumentation.eu\\\/product\\\/fluke-435-ii-power-quality-analyzer\\\/#primaryimage\"},\"image\":{\"@id\":\"https:\\\/\\\/lhm-instrumentation.eu\\\/product\\\/fluke-435-ii-power-quality-analyzer\\\/#primaryimage\"},\"thumbnailUrl\":\"https:\\\/\\\/lhm-instrumentation.eu\\\/wp-content\\\/uploads\\\/2021\\\/02\\\/driefasepowerqualityanalyzer_2nd.jpg\",\"datePublished\":\"2021-02-25T15:22:16+00:00\",\"breadcrumb\":{\"@id\":\"https:\\\/\\\/lhm-instrumentation.eu\\\/product\\\/fluke-435-ii-power-quality-analyzer\\\/#breadcrumb\"},\"inLanguage\":\"fr-BE\",\"potentialAction\":[{\"@type\":\"ReadAction\",\"target\":[\"https:\\\/\\\/lhm-instrumentation.eu\\\/product\\\/fluke-435-ii-power-quality-analyzer\\\/\"]}]},{\"@type\":\"ImageObject\",\"inLanguage\":\"fr-BE\",\"@id\":\"https:\\\/\\\/lhm-instrumentation.eu\\\/product\\\/fluke-435-ii-power-quality-analyzer\\\/#primaryimage\",\"url\":\"https:\\\/\\\/lhm-instrumentation.eu\\\/wp-content\\\/uploads\\\/2021\\\/02\\\/driefasepowerqualityanalyzer_2nd.jpg\",\"contentUrl\":\"https:\\\/\\\/lhm-instrumentation.eu\\\/wp-content\\\/uploads\\\/2021\\\/02\\\/driefasepowerqualityanalyzer_2nd.jpg\",\"width\":289,\"height\":350},{\"@type\":\"BreadcrumbList\",\"@id\":\"https:\\\/\\\/lhm-instrumentation.eu\\\/product\\\/fluke-435-ii-power-quality-analyzer\\\/#breadcrumb\",\"itemListElement\":[{\"@type\":\"ListItem\",\"position\":1,\"name\":\"Home\",\"item\":\"https:\\\/\\\/lhm-instrumentation.eu\\\/\"},{\"@type\":\"ListItem\",\"position\":2,\"name\":\"Producten\",\"item\":\"https:\\\/\\\/lhm-instrumentation.eu\\\/shop\\\/\"},{\"@type\":\"ListItem\",\"position\":3,\"name\":\"Fluke 435-II Power Quality Analyzer\"}]},{\"@type\":\"WebSite\",\"@id\":\"https:\\\/\\\/lhm-instrumentation.eu\\\/#website\",\"url\":\"https:\\\/\\\/lhm-instrumentation.eu\\\/\",\"name\":\"LHM Instrumentation\",\"description\":\"\",\"potentialAction\":[{\"@type\":\"SearchAction\",\"target\":{\"@type\":\"EntryPoint\",\"urlTemplate\":\"https:\\\/\\\/lhm-instrumentation.eu\\\/?s={search_term_string}\"},\"query-input\":{\"@type\":\"PropertyValueSpecification\",\"valueRequired\":true,\"valueName\":\"search_term_string\"}}],\"inLanguage\":\"fr-BE\"}]}<\/script>\n<!-- \/ Yoast SEO plugin. -->","yoast_head_json":{"title":"Fluke 435-II Analyseur de qualit\u00e9 d'\u00e9nergie - LHM Instrumentation","robots":{"index":"index","follow":"follow","max-snippet":"max-snippet:-1","max-image-preview":"max-image-preview:large","max-video-preview":"max-video-preview:-1"},"canonical":"https:\/\/lhm-instrumentation.eu\/fr\/produit\/analyseur-de-qualite-denergie-fluke-435-ii\/","og_locale":"fr_FR","og_type":"article","og_title":"Fluke 435-II Power Quality Analyzer - LHM Instrumentation","og_description":"PowerWave-gegevensregistratie Golfvormen voor spanning en stroom worden gedurende de opgegeven tijd continu geregistreerd, en ze worden uiterst gedetailleerd op het scherm weergegeven; de vermogensgolfvorm wordt uit de betreffende gegevens afgeleid. Daarnaast kunnen de RMS-waarden van een halve cyclus voor spanning,...","og_url":"https:\/\/lhm-instrumentation.eu\/fr\/produit\/analyseur-de-qualite-denergie-fluke-435-ii\/","og_site_name":"LHM Instrumentation","og_image":[{"width":289,"height":350,"url":"https:\/\/lhm-instrumentation.eu\/wp-content\/uploads\/2021\/02\/driefasepowerqualityanalyzer_2nd.jpg","type":"image\/jpeg"}],"twitter_card":"summary_large_image","twitter_misc":{"Dur\u00e9e de lecture est.":"3 minutes"},"schema":{"@context":"https:\/\/schema.org","@graph":[{"@type":"WebPage","@id":"https:\/\/lhm-instrumentation.eu\/product\/fluke-435-ii-power-quality-analyzer\/","url":"https:\/\/lhm-instrumentation.eu\/product\/fluke-435-ii-power-quality-analyzer\/","name":"Fluke 435-II Analyseur de qualit\u00e9 d'\u00e9nergie - LHM Instrumentation","isPartOf":{"@id":"https:\/\/lhm-instrumentation.eu\/#website"},"primaryImageOfPage":{"@id":"https:\/\/lhm-instrumentation.eu\/product\/fluke-435-ii-power-quality-analyzer\/#primaryimage"},"image":{"@id":"https:\/\/lhm-instrumentation.eu\/product\/fluke-435-ii-power-quality-analyzer\/#primaryimage"},"thumbnailUrl":"https:\/\/lhm-instrumentation.eu\/wp-content\/uploads\/2021\/02\/driefasepowerqualityanalyzer_2nd.jpg","datePublished":"2021-02-25T15:22:16+00:00","breadcrumb":{"@id":"https:\/\/lhm-instrumentation.eu\/product\/fluke-435-ii-power-quality-analyzer\/#breadcrumb"},"inLanguage":"fr-BE","potentialAction":[{"@type":"ReadAction","target":["https:\/\/lhm-instrumentation.eu\/product\/fluke-435-ii-power-quality-analyzer\/"]}]},{"@type":"ImageObject","inLanguage":"fr-BE","@id":"https:\/\/lhm-instrumentation.eu\/product\/fluke-435-ii-power-quality-analyzer\/#primaryimage","url":"https:\/\/lhm-instrumentation.eu\/wp-content\/uploads\/2021\/02\/driefasepowerqualityanalyzer_2nd.jpg","contentUrl":"https:\/\/lhm-instrumentation.eu\/wp-content\/uploads\/2021\/02\/driefasepowerqualityanalyzer_2nd.jpg","width":289,"height":350},{"@type":"BreadcrumbList","@id":"https:\/\/lhm-instrumentation.eu\/product\/fluke-435-ii-power-quality-analyzer\/#breadcrumb","itemListElement":[{"@type":"ListItem","position":1,"name":"Home","item":"https:\/\/lhm-instrumentation.eu\/"},{"@type":"ListItem","position":2,"name":"Producten","item":"https:\/\/lhm-instrumentation.eu\/shop\/"},{"@type":"ListItem","position":3,"name":"Fluke 435-II Power Quality Analyzer"}]},{"@type":"WebSite","@id":"https:\/\/lhm-instrumentation.eu\/#website","url":"https:\/\/lhm-instrumentation.eu\/","name":"LHM Instrumentation","description":"","potentialAction":[{"@type":"SearchAction","target":{"@type":"EntryPoint","urlTemplate":"https:\/\/lhm-instrumentation.eu\/?s={search_term_string}"},"query-input":{"@type":"PropertyValueSpecification","valueRequired":true,"valueName":"search_term_string"}}],"inLanguage":"fr-BE"}]}},"_links":{"self":[{"href":"https:\/\/lhm-instrumentation.eu\/fr\/wp-json\/wp\/v2\/product\/2478","targetHints":{"allow":["GET"]}}],"collection":[{"href":"https:\/\/lhm-instrumentation.eu\/fr\/wp-json\/wp\/v2\/product"}],"about":[{"href":"https:\/\/lhm-instrumentation.eu\/fr\/wp-json\/wp\/v2\/types\/product"}],"wp:featuredmedia":[{"embeddable":true,"href":"https:\/\/lhm-instrumentation.eu\/fr\/wp-json\/wp\/v2\/media\/2479"}],"wp:attachment":[{"href":"https:\/\/lhm-instrumentation.eu\/fr\/wp-json\/wp\/v2\/media?parent=2478"}],"wp:term":[{"taxonomy":"product_brand","embeddable":true,"href":"https:\/\/lhm-instrumentation.eu\/fr\/wp-json\/wp\/v2\/product_brand?post=2478"},{"taxonomy":"product_cat","embeddable":true,"href":"https:\/\/lhm-instrumentation.eu\/fr\/wp-json\/wp\/v2\/product_cat?post=2478"},{"taxonomy":"product_tag","embeddable":true,"href":"https:\/\/lhm-instrumentation.eu\/fr\/wp-json\/wp\/v2\/product_tag?post=2478"}],"curies":[{"name":"wp","href":"https:\/\/api.w.org\/{rel}","templated":true}]}}