{"id":5439,"date":"2014-11-11T11:13:51","date_gmt":"2014-11-11T11:13:51","guid":{"rendered":"http:\/\/anpsthemes.com\/constructo\/?page_id=9"},"modified":"2023-01-17T13:52:29","modified_gmt":"2023-01-17T13:52:29","slug":"produits","status":"publish","type":"page","link":"https:\/\/lhm-instrumentation.eu\/fr\/producten\/","title":{"rendered":"Produits"},"content":{"rendered":"<div class=\"wpb-content-wrapper\"><div class=\"vc_row wpb_row vc_row-fluid\"><div class=\"wpb_column vc_column_container vc_col-sm-12\"><div class=\"vc_column-inner\"><div class=\"wpb_wrapper\"><div class=\"vc_empty_space\"   style=\"height: 32px\"><span class=\"vc_empty_space_inner\"><\/span><\/div>\n<div class=\"vc_grid-container-wrapper vc_clearfix vc_grid-animation-zoomIn\">\n\t<div class=\"vc_grid-container vc_clearfix wpb_content_element vc_masonry_grid\" data-initial-loading-animation=\"zoomIn\" data-vc-grid-settings=\"{&quot;page_id&quot;:5439,&quot;style&quot;:&quot;all-masonry&quot;,&quot;action&quot;:&quot;vc_get_vc_grid_data&quot;,&quot;shortcode_id&quot;:&quot;1670426135312-ac773b8f-9168-7&quot;,&quot;tag&quot;:&quot;vc_masonry_grid&quot;}\" data-vc-request=\"https:\/\/lhm-instrumentation.eu\/wp-admin\/admin-ajax.php\" data-vc-post-id=\"5439\" data-vc-public-nonce=\"ffefda983a\">\n\t\t\n\t<\/div>\n<\/div><\/div><\/div><\/div><\/div><div data-vc-full-width=\"true\" data-vc-full-width-temp=\"true\" data-vc-full-width-init=\"false\" class=\"vc_row wpb_row vc_row-fluid vc_custom_1668768323413 vc_row-has-fill\"><div class=\"wpb_column vc_column_container vc_col-sm-12\"><div class=\"vc_column-inner\"><div class=\"wpb_wrapper\"><div class=\"vc_empty_space\"   style=\"height: 32px\"><span class=\"vc_empty_space_inner\"><\/span><\/div><h4 class='heading-content  divider-sm'  style='color: #ffffff'><span>Services<\/span><\/h4><div class=\"vc_empty_space\"   style=\"height: 16px\"><span class=\"vc_empty_space_inner\"><\/span><\/div>\n\t<div class=\"wpb_text_column wpb_content_element\" >\n\t\t<div class=\"wpb_wrapper\">\n\t\t\t<p><span style=\"color: #ffffff;\">Nos sp\u00e9cialistes certifi\u00e9s offrent un large \u00e9ventail de services. Ainsi, vous pouvez \u00eatre s\u00fbr que vous travaillerez de mani\u00e8re fiable et que vous tirerez le meilleur parti de vos instruments de test ou de mesure.<\/span><\/p>\n\n\t\t<\/div>\n\t<\/div>\n<div class=\"vc_empty_space\"   style=\"height: 32px\"><span class=\"vc_empty_space_inner\"><\/span><\/div><div class=\"vc_row wpb_row vc_inner vc_row-fluid\"><div class=\"wpb_column vc_column_container vc_col-sm-3\"><div class=\"vc_column-inner\"><div class=\"wpb_wrapper\"><div class=\"vc_icon_element vc_icon_element-outer vc_do_icon vc_icon_element-align-center vc_icon_element-have-style\"><div class=\"vc_icon_element-inner vc_icon_element-color-white vc_icon_element-have-style-inner vc_icon_element-size-md vc_icon_element-style-rounded vc_icon_element-background vc_icon_element-background-color-custom\"  style=\"background-color:#3aaedf\"><span class=\"vc_icon_element-icon fas fa-bullseye\" ><\/span><a class=\"vc_icon_element-link\" href=\"https:\/\/lhm-instrumentation.eu\/fr\/lhm-calibration-services\/\"  title=\"Le calibrage\" target=\"_self\"><\/a><\/div><\/div><h5 style=\"color: #ffffff;text-align: center\" class=\"vc_custom_heading vc_do_custom_heading\" ><a href=\"https:\/\/lhm-instrumentation.eu\/fr\/lhm-calibration-services\/\" title=\"LHM Calibration Services\">\u00c9talonnage et maintenance<\/a><\/h5><\/div><\/div><\/div><div class=\"wpb_column vc_column_container vc_col-sm-3\"><div class=\"vc_column-inner\"><div class=\"wpb_wrapper\"><div class=\"vc_icon_element vc_icon_element-outer vc_do_icon vc_icon_element-align-center vc_icon_element-have-style\"><div class=\"vc_icon_element-inner vc_icon_element-color-white vc_icon_element-have-style-inner vc_icon_element-size-md vc_icon_element-style-rounded vc_icon_element-background vc_icon_element-background-color-custom\"  style=\"background-color:#3aaedf\"><span class=\"vc_icon_element-icon fas fa-wrench\" ><\/span><a class=\"vc_icon_element-link\" href=\"https:\/\/lhm-instrumentation.eu\/fr\/herstellingen\/\"  title=\"Le calibrage\" target=\"_self\"><\/a><\/div><\/div><h5 style=\"color: #ffffff;text-align: center\" class=\"vc_custom_heading vc_do_custom_heading\" ><a href=\"https:\/\/lhm-instrumentation.eu\/fr\/herstellingen\/\" title=\"LHM Calibration Services\">R\u00e9paration<\/a><\/h5><\/div><\/div><\/div><div class=\"wpb_column vc_column_container vc_col-sm-3\"><div class=\"vc_column-inner\"><div class=\"wpb_wrapper\"><div class=\"vc_icon_element vc_icon_element-outer vc_do_icon vc_icon_element-align-center vc_icon_element-have-style\"><div class=\"vc_icon_element-inner vc_icon_element-color-white vc_icon_element-have-style-inner vc_icon_element-size-md vc_icon_element-style-rounded vc_icon_element-background vc_icon_element-background-color-custom\"  style=\"background-color:#3aaedf\"><span class=\"vc_icon_element-icon fas fa-tags\" ><\/span><a class=\"vc_icon_element-link\" href=\"https:\/\/lhm-instrumentation.eu\/fr\/location\/\"  title=\"Le calibrage\" target=\"_self\"><\/a><\/div><\/div><h5 style=\"color: #ffffff;text-align: center\" class=\"vc_custom_heading vc_do_custom_heading\" ><a href=\"https:\/\/lhm-instrumentation.eu\/fr\/location\/\" title=\"LHM Calibration Services\">Location<\/a><\/h5><\/div><\/div><\/div><div class=\"wpb_column vc_column_container vc_col-sm-3\"><div class=\"vc_column-inner\"><div class=\"wpb_wrapper\"><div class=\"vc_icon_element vc_icon_element-outer vc_do_icon vc_icon_element-align-center vc_icon_element-have-style\"><div class=\"vc_icon_element-inner vc_icon_element-color-white vc_icon_element-have-style-inner vc_icon_element-size-md vc_icon_element-style-rounded vc_icon_element-background vc_icon_element-background-color-custom\"  style=\"background-color:#3aaedf\"><span class=\"vc_icon_element-icon fas fa-graduation-cap\" ><\/span><a class=\"vc_icon_element-link\" href=\"https:\/\/lhm-instrumentation.eu\/fr\/formation\/\"  title=\"Le calibrage\" target=\"_self\"><\/a><\/div><\/div><h5 style=\"color: #ffffff;text-align: center\" class=\"vc_custom_heading vc_do_custom_heading\" ><a href=\"https:\/\/lhm-instrumentation.eu\/fr\/formation\/\" title=\"LHM Calibration Services\">Cours de formation et ateliers<\/a><\/h5><\/div><\/div><\/div><\/div><div class=\"vc_empty_space\"   style=\"height: 64px\"><span class=\"vc_empty_space_inner\"><\/span><\/div><\/div><\/div><\/div><\/div><div class=\"vc_row-full-width vc_clearfix\"><\/div>\n<\/div>","protected":false},"excerpt":{"rendered":"Diensten Onze gecertificeerde specialisten verlenen een breed pakket aan diensten. Hierdoor weet je zeker dat je betrouwbaar op pad gaat en alles uit jouw test- of meetinstrumenten haalt. Kalibratie &amp; onderhoudReparatieVerhuurTrainingen &amp; workshops","protected":false},"author":9,"featured_media":0,"parent":0,"menu_order":0,"comment_status":"open","ping_status":"open","template":"","meta":{"footnotes":""},"categories":[],"tags":[],"class_list":["post-5439","page","type-page","status-publish","hentry"],"yoast_head":"<!-- This site is optimized with the Yoast SEO plugin v27.4 - https:\/\/yoast.com\/product\/yoast-seo-wordpress\/ -->\n<title>Producten - LHM Instrumentation<\/title>\n<meta name=\"robots\" content=\"index, follow, max-snippet:-1, max-image-preview:large, max-video-preview:-1\" \/>\n<link rel=\"canonical\" href=\"https:\/\/lhm-instrumentation.eu\/fr\/produits\/\" \/>\n<meta property=\"og:locale\" content=\"fr_FR\" \/>\n<meta property=\"og:type\" content=\"article\" \/>\n<meta property=\"og:title\" content=\"Producten - LHM Instrumentation\" \/>\n<meta property=\"og:url\" content=\"https:\/\/lhm-instrumentation.eu\/fr\/produits\/\" \/>\n<meta property=\"og:site_name\" content=\"LHM Instrumentation\" \/>\n<meta property=\"article:modified_time\" content=\"2023-01-17T13:52:29+00:00\" \/>\n<meta name=\"twitter:card\" content=\"summary_large_image\" \/>\n<meta name=\"twitter:label1\" content=\"Dur\u00e9e de lecture est.\" \/>\n\t<meta name=\"twitter:data1\" content=\"2 minutes\" \/>\n<script type=\"application\/ld+json\" class=\"yoast-schema-graph\">{\"@context\":\"https:\\\/\\\/schema.org\",\"@graph\":[{\"@type\":\"WebPage\",\"@id\":\"https:\\\/\\\/lhm-instrumentation.eu\\\/producten\\\/\",\"url\":\"https:\\\/\\\/lhm-instrumentation.eu\\\/producten\\\/\",\"name\":\"Producten - LHM Instrumentation\",\"isPartOf\":{\"@id\":\"https:\\\/\\\/lhm-instrumentation.eu\\\/#website\"},\"datePublished\":\"2014-11-11T11:13:51+00:00\",\"dateModified\":\"2023-01-17T13:52:29+00:00\",\"breadcrumb\":{\"@id\":\"https:\\\/\\\/lhm-instrumentation.eu\\\/producten\\\/#breadcrumb\"},\"inLanguage\":\"fr-BE\",\"potentialAction\":[{\"@type\":\"ReadAction\",\"target\":[\"https:\\\/\\\/lhm-instrumentation.eu\\\/producten\\\/\"]}]},{\"@type\":\"BreadcrumbList\",\"@id\":\"https:\\\/\\\/lhm-instrumentation.eu\\\/producten\\\/#breadcrumb\",\"itemListElement\":[{\"@type\":\"ListItem\",\"position\":1,\"name\":\"Home\",\"item\":\"https:\\\/\\\/lhm-instrumentation.eu\\\/\"},{\"@type\":\"ListItem\",\"position\":2,\"name\":\"Producten\"}]},{\"@type\":\"WebSite\",\"@id\":\"https:\\\/\\\/lhm-instrumentation.eu\\\/#website\",\"url\":\"https:\\\/\\\/lhm-instrumentation.eu\\\/\",\"name\":\"LHM Instrumentation\",\"description\":\"\",\"potentialAction\":[{\"@type\":\"SearchAction\",\"target\":{\"@type\":\"EntryPoint\",\"urlTemplate\":\"https:\\\/\\\/lhm-instrumentation.eu\\\/?s={search_term_string}\"},\"query-input\":{\"@type\":\"PropertyValueSpecification\",\"valueRequired\":true,\"valueName\":\"search_term_string\"}}],\"inLanguage\":\"fr-BE\"}]}<\/script>\n<!-- \/ Yoast SEO plugin. -->","yoast_head_json":{"title":"Produits - LHM Instrumentation","robots":{"index":"index","follow":"follow","max-snippet":"max-snippet:-1","max-image-preview":"max-image-preview:large","max-video-preview":"max-video-preview:-1"},"canonical":"https:\/\/lhm-instrumentation.eu\/fr\/produits\/","og_locale":"fr_FR","og_type":"article","og_title":"Producten - LHM Instrumentation","og_url":"https:\/\/lhm-instrumentation.eu\/fr\/produits\/","og_site_name":"LHM Instrumentation","article_modified_time":"2023-01-17T13:52:29+00:00","twitter_card":"summary_large_image","twitter_misc":{"Dur\u00e9e de lecture est.":"2 minutes"},"schema":{"@context":"https:\/\/schema.org","@graph":[{"@type":"WebPage","@id":"https:\/\/lhm-instrumentation.eu\/producten\/","url":"https:\/\/lhm-instrumentation.eu\/producten\/","name":"Produits - LHM Instrumentation","isPartOf":{"@id":"https:\/\/lhm-instrumentation.eu\/#website"},"datePublished":"2014-11-11T11:13:51+00:00","dateModified":"2023-01-17T13:52:29+00:00","breadcrumb":{"@id":"https:\/\/lhm-instrumentation.eu\/producten\/#breadcrumb"},"inLanguage":"fr-BE","potentialAction":[{"@type":"ReadAction","target":["https:\/\/lhm-instrumentation.eu\/producten\/"]}]},{"@type":"BreadcrumbList","@id":"https:\/\/lhm-instrumentation.eu\/producten\/#breadcrumb","itemListElement":[{"@type":"ListItem","position":1,"name":"Home","item":"https:\/\/lhm-instrumentation.eu\/"},{"@type":"ListItem","position":2,"name":"Producten"}]},{"@type":"WebSite","@id":"https:\/\/lhm-instrumentation.eu\/#website","url":"https:\/\/lhm-instrumentation.eu\/","name":"LHM Instrumentation","description":"","potentialAction":[{"@type":"SearchAction","target":{"@type":"EntryPoint","urlTemplate":"https:\/\/lhm-instrumentation.eu\/?s={search_term_string}"},"query-input":{"@type":"PropertyValueSpecification","valueRequired":true,"valueName":"search_term_string"}}],"inLanguage":"fr-BE"}]}},"_links":{"self":[{"href":"https:\/\/lhm-instrumentation.eu\/fr\/wp-json\/wp\/v2\/pages\/5439","targetHints":{"allow":["GET"]}}],"collection":[{"href":"https:\/\/lhm-instrumentation.eu\/fr\/wp-json\/wp\/v2\/pages"}],"about":[{"href":"https:\/\/lhm-instrumentation.eu\/fr\/wp-json\/wp\/v2\/types\/page"}],"author":[{"embeddable":true,"href":"https:\/\/lhm-instrumentation.eu\/fr\/wp-json\/wp\/v2\/users\/9"}],"replies":[{"embeddable":true,"href":"https:\/\/lhm-instrumentation.eu\/fr\/wp-json\/wp\/v2\/comments?post=5439"}],"version-history":[{"count":50,"href":"https:\/\/lhm-instrumentation.eu\/fr\/wp-json\/wp\/v2\/pages\/5439\/revisions"}],"predecessor-version":[{"id":6653,"href":"https:\/\/lhm-instrumentation.eu\/fr\/wp-json\/wp\/v2\/pages\/5439\/revisions\/6653"}],"wp:attachment":[{"href":"https:\/\/lhm-instrumentation.eu\/fr\/wp-json\/wp\/v2\/media?parent=5439"}],"wp:term":[{"taxonomy":"category","embeddable":true,"href":"https:\/\/lhm-instrumentation.eu\/fr\/wp-json\/wp\/v2\/categories?post=5439"},{"taxonomy":"post_tag","embeddable":true,"href":"https:\/\/lhm-instrumentation.eu\/fr\/wp-json\/wp\/v2\/tags?post=5439"}],"curies":[{"name":"wp","href":"https:\/\/api.w.org\/{rel}","templated":true}]}}